{"id":180,"date":"2023-02-17T08:47:39","date_gmt":"2023-02-17T06:47:39","guid":{"rendered":"https:\/\/alposet.fi\/?page_id=180"},"modified":"2025-02-28T08:45:12","modified_gmt":"2025-02-28T06:45:12","slug":"yleiset-kayttoehdot","status":"publish","type":"page","link":"https:\/\/alposet.fi\/en\/yleiset-kayttoehdot\/","title":{"rendered":"General Terms and Conditions"},"content":{"rendered":"<p><strong>K\u00c4YTT\u00d6EHDOT<\/strong><\/p>\n\n\n\n<p>Alposet.fi -verkkokaupan k\u00e4ytt\u00f6ehdot k\u00e4ytt\u00e4j\u00e4lle ja palveluntarjoajalle.<\/p>\n\n\n\n<p><strong>YLEIST\u00c4<\/strong><\/p>\n\n\n\n<p>K\u00e4ytt\u00f6ehdot koskevat Alposet.fi -verkkokauppaa. Palvelun omistaa Oy All-Plast Ab.<\/p>\n\n\n\n<p>Verkkokaupan k\u00e4ytt\u00e4minen edellytt\u00e4\u00e4 k\u00e4ytt\u00f6ehtojen hyv\u00e4ksymist\u00e4.<\/p>\n\n\n\n<p><strong>VERKKOKAUPAN SIS\u00c4LT\u00d6<\/strong><\/p>\n\n\n\n<p>Verkkokauppa on Oy All-Plast Ab:n rekister\u00f6im\u00e4 palvelu. Palvelu on tarkoitettu Oy All-Plast Ab:n omien tuotteiden suoraksi myyntikanavaksi.<\/p>\n\n\n\n<p>Verkkokaupan jokainen myyt\u00e4v\u00e4 tuote on nimetty ja kuvattu tuotekuvin.<\/p>\n\n\n\n<p><strong>K\u00c4YTT\u00c4J\u00c4N VASTUU<\/strong><\/p>\n\n\n\n<p>K\u00e4ytt\u00e4j\u00e4 sitoutuu k\u00e4ytt\u00e4m\u00e4\u00e4n verkkokauppaa verkkokaupan ohjeiden mukaisesti.<\/p>\n\n\n\n<p>K\u00e4ytt\u00e4j\u00e4n tulee t\u00e4ytt\u00e4\u00e4 tilaus- ja toimitusehdoissa mainitut vaatimukset.<\/p>\n\n\n\n<p>K\u00e4ytt\u00e4j\u00e4 sitoutuu antamaan itsest\u00e4\u00e4n totuudenmukaisia tietoja verkkokaupan tilauslomakkeelle ja muuttamaan viivytyksett\u00e4 mahdolliset virheelliset tiedot.<\/p>\n\n\n\n<p>K\u00e4ytt\u00e4j\u00e4 hyv\u00e4ksyy tilausta koskevat tilaus- ja toimitusehdot.<\/p>\n\n\n\n<p>K\u00e4ytt\u00e4j\u00e4 hyv\u00e4ksyy Alposet.fi:n tekem\u00e4t asiakkuuteensa liittyv\u00e4t muutokset.<\/p>\n\n\n\n<p>K\u00e4ytt\u00e4j\u00e4 vastaa Alposet.fi:n ja sen yhteisty\u00f6kumppaneiden tekij\u00e4noikeuksilla suojatun materiaalin luvattomasta k\u00e4yt\u00f6st\u00e4 aiheutuvista seuraamuksista.<\/p>\n\n\n\n<p><strong>PALVELUNTARJOAJAN VASTUU<\/strong><\/p>\n\n\n\n<p>Palveluntarjoaja vastaa kaikesta verkkokaupassa esitett\u00e4v\u00e4st\u00e4 sis\u00e4ll\u00f6st\u00e4.<\/p>\n\n\n\n<p>Palveluntarjoaja vastaa siit\u00e4, ett\u00e4 kaikki verkkokaupassa esitett\u00e4v\u00e4 sis\u00e4lt\u00f6 (kuvat yms.) on Suomen lakien mukaista.<\/p>\n\n\n\n<p>Palveluntarjoajalla on oikeus muuttaa, p\u00e4ivitt\u00e4\u00e4 ja korjata verkkokaupan sis\u00e4lt\u00f6\u00e4 ja\/tai s\u00e4\u00e4nt\u00f6j\u00e4 ilman erillist\u00e4 ilmoitusta k\u00e4ytt\u00e4jille.<\/p>\n\n\n\n<p>Palveluntarjoaja ei vastaa ulkopuolisten palveluiden tai yritysten esitt\u00e4m\u00e4st\u00e4 virheellisest\u00e4 verkkokauppaa koskevasta informaatiosta.<\/p>\n\n\n\n<p>Palveluntarjoaja vastaa kaikista sille kertyvist\u00e4 asiakastiedoista ja niiden asianmukaisesta s\u00e4ilytt\u00e4misest\u00e4.<\/p>\n\n\n\n<p>Palveluntarjoaja voi tarvittaessa peruuttaa tilauksen tai ev\u00e4t\u00e4 asiakkuuden. V\u00e4\u00e4rink\u00e4yt\u00f6ksist\u00e4 ilmoitetaan aina viranomaisille.<\/p>\n\n\n\n<p>Alposet.fi ei vastaa ylivoimaisen esteen (force majeure) tai vastaavan syyn aiheuttamista viiv\u00e4stymisest\u00e4 tai vahingoista. Alposet.fi tai All-Plast ei vastaa tuotteissa olevien virheiden mahdollisesti aiheuttamista vahingoista. Emme my\u00f6sk\u00e4\u00e4n vastaa mahdollisista vahingoista, jotka johtuvat tuotteiden k\u00e4yt\u00f6st\u00e4 tai mist\u00e4\u00e4n v\u00e4lillisist\u00e4 vahingoista.<\/p>\n\n\n\n<p><strong>VERKKOKAUPAN IMMATERIAALIOIKEUDET<\/strong><\/p>\n\n\n\n<p>Kaikki verkkokaupassa esitetyt kuva- ja tekstimateriaalit ovat palveluntarjoajan ja\/tai sen yhteisty\u00f6kumppaneiden omaisuutta. Tekij\u00e4noikeuksilla suojatun kuva- ja tekstimateriaalin luvaton k\u00e4ytt\u00f6 tai kopiointi on kielletty.<\/p>\n\n\n\n<p><strong>EV\u00c4STEIDEN K\u00c4YTT\u00d6<\/strong><\/p>\n\n\n\n<p>Verkkokaupassa k\u00e4ytet\u00e4\u00e4n cookie-toimintoa eli ev\u00e4steit\u00e4. Ev\u00e4steet eiv\u00e4t vahingoita k\u00e4ytt\u00e4jien tietokoneita tai tiedostoja. Ev\u00e4steit\u00e4 k\u00e4ytet\u00e4\u00e4n, koska niiden avulla tarjotaan asiakkaille yksil\u00f6ityjen tarpeiden mukaisia tietoja ja palveluita. Ev\u00e4steen poiskytkeminen selaimesta saattaa vaikuttaa palveluiden asianmukaiseen toimintaan.<\/p>\n\n\n\n<p><strong>TIETOSUOJA JA TIETOJEN K\u00c4SITTELY VERKKOKAUPASSA<\/strong><\/p>\n\n\n\n<p>Palveluntarjoaja huolehtii asianmukaisesti asiakastietojen k\u00e4sittelyst\u00e4 ja s\u00e4ilytt\u00e4misest\u00e4. Palveluntarjoajan ker\u00e4\u00e4mist\u00e4 ja tallentamista asiakastiedoista voi tarvittaessa lukea lis\u00e4\u00e4 tietosuojaselosteesta.<\/p>\n\n\n\n<p><strong>VERKKOSIS\u00c4L\u00d6\u00d6N JA TUOTEVALIKOIMAN MUUTTAMINEN<\/strong><\/p>\n\n\n\n<p>Tilaajan tulee ennen tilauksen tekemist\u00e4 tutustua voimassa oleviin tilausehtoihin Alposet.fi-verkkokaupassa. Alposet.fi kehitt\u00e4\u00e4 verkkosis\u00e4lt\u00f6\u00e4\u00e4n jatkuvasti, joten voimme muuttaa Alposet.fi-verkkokaupan tai digitaalisten viestinn\u00e4n sis\u00e4lt\u00f6\u00e4, tai lopettaa tuotteiden tarjoamisen verkkokaupassa.<\/p>\n\n\n\n<p><\/p>\n\n\n\n<p><em>Yleiset k\u00e4ytt\u00f6ehdot p\u00e4ivitetty 28.2.2025<\/em><\/p>\n\n\n\n<p><\/p>","protected":false},"excerpt":{"rendered":"<p>K\u00c4YTT\u00d6EHDOT Alposet.fi -verkkokaupan k\u00e4ytt\u00f6ehdot k\u00e4ytt\u00e4j\u00e4lle ja palveluntarjoajalle. YLEIST\u00c4 K\u00e4ytt\u00f6ehdot koskevat Alposet.fi -verkkokauppaa. Palvelun omistaa Oy All-Plast Ab. Verkkokaupan k\u00e4ytt\u00e4minen edellytt\u00e4\u00e4 k\u00e4ytt\u00f6ehtojen hyv\u00e4ksymist\u00e4. VERKKOKAUPAN SIS\u00c4LT\u00d6 Verkkokauppa on Oy All-Plast Ab:n rekister\u00f6im\u00e4 palvelu. Palvelu on tarkoitettu Oy All-Plast Ab:n omien tuotteiden suoraksi myyntikanavaksi. Verkkokaupan jokainen myyt\u00e4v\u00e4 tuote on nimetty ja kuvattu tuotekuvin. K\u00c4YTT\u00c4J\u00c4N VASTUU K\u00e4ytt\u00e4j\u00e4 sitoutuu k\u00e4ytt\u00e4m\u00e4\u00e4n [&hellip;]<\/p>\n","protected":false},"author":1,"featured_media":0,"parent":0,"menu_order":0,"comment_status":"closed","ping_status":"closed","template":"","meta":{"footnotes":""},"class_list":["post-180","page","type-page","status-publish","hentry"],"_links":{"self":[{"href":"https:\/\/alposet.fi\/en\/wp-json\/wp\/v2\/pages\/180","targetHints":{"allow":["GET"]}}],"collection":[{"href":"https:\/\/alposet.fi\/en\/wp-json\/wp\/v2\/pages"}],"about":[{"href":"https:\/\/alposet.fi\/en\/wp-json\/wp\/v2\/types\/page"}],"author":[{"embeddable":true,"href":"https:\/\/alposet.fi\/en\/wp-json\/wp\/v2\/users\/1"}],"replies":[{"embeddable":true,"href":"https:\/\/alposet.fi\/en\/wp-json\/wp\/v2\/comments?post=180"}],"version-history":[{"count":5,"href":"https:\/\/alposet.fi\/en\/wp-json\/wp\/v2\/pages\/180\/revisions"}],"predecessor-version":[{"id":875,"href":"https:\/\/alposet.fi\/en\/wp-json\/wp\/v2\/pages\/180\/revisions\/875"}],"wp:attachment":[{"href":"https:\/\/alposet.fi\/en\/wp-json\/wp\/v2\/media?parent=180"}],"curies":[{"name":"wp","href":"https:\/\/api.w.org\/{rel}","templated":true}]}}