{"id":3,"date":"2023-02-16T09:47:03","date_gmt":"2023-02-16T07:47:03","guid":{"rendered":"https:\/\/alposet.fi\/?page_id=3"},"modified":"2025-02-28T11:38:47","modified_gmt":"2025-02-28T09:38:47","slug":"tietosuojaseloste","status":"publish","type":"page","link":"https:\/\/alposet.fi\/en\/tietosuojaseloste\/","title":{"rendered":"Privacy Policy"},"content":{"rendered":"<p class=\"has-text-align-left\">Alposet.fi tietosuojaselosteeseen p\u00e4\u00e4set alla olevasta linkist\u00e4. <\/p>\n\n\n\n<div class=\"wp-block-buttons is-content-justification-left is-layout-flex wp-container-core-buttons-is-layout-fc4fd283 wp-block-buttons-is-layout-flex\">\n<div class=\"wp-block-button\"><a class=\"wp-block-button__link wp-element-button\" href=\"https:\/\/oma.easygdpr.fi\/file\/public\/privacy-policies\/68324-3191457899\" target=\"_blank\" rel=\"noopener\"><strong>Tietosuojaselosteeseen<\/strong><\/a><\/div>\n<\/div>\n\n\n<div class=\"wp-block-image\">\n<figure class=\"alignleft size-full is-resized\"><img decoding=\"async\" width=\"472\" height=\"473\" src=\"https:\/\/alposet.fi\/site-assets\/uploads\/2025\/02\/GDPR-D-Fence-logo-40X40mm.png\" alt=\"\" class=\"wp-image-885\" style=\"width:199px;height:auto\" srcset=\"https:\/\/alposet.fi\/site-assets\/uploads\/2025\/02\/GDPR-D-Fence-logo-40X40mm.png 472w, https:\/\/alposet.fi\/site-assets\/uploads\/2025\/02\/GDPR-D-Fence-logo-40X40mm-300x300.png 300w, https:\/\/alposet.fi\/site-assets\/uploads\/2025\/02\/GDPR-D-Fence-logo-40X40mm-150x150.png 150w, https:\/\/alposet.fi\/site-assets\/uploads\/2025\/02\/GDPR-D-Fence-logo-40X40mm-12x12.png 12w, https:\/\/alposet.fi\/site-assets\/uploads\/2025\/02\/GDPR-D-Fence-logo-40X40mm-324x324.png 324w, https:\/\/alposet.fi\/site-assets\/uploads\/2025\/02\/GDPR-D-Fence-logo-40X40mm-416x417.png 416w, https:\/\/alposet.fi\/site-assets\/uploads\/2025\/02\/GDPR-D-Fence-logo-40X40mm-100x100.png 100w, https:\/\/alposet.fi\/site-assets\/uploads\/2025\/02\/GDPR-D-Fence-logo-40X40mm-64x64.png 64w\" sizes=\"(max-width: 472px) 100vw, 472px\" \/><\/figure>\n<\/div>","protected":false},"excerpt":{"rendered":"<p>Alposet.fi tietosuojaselosteeseen p\u00e4\u00e4set alla olevasta linkist\u00e4.<\/p>","protected":false},"author":1,"featured_media":0,"parent":0,"menu_order":0,"comment_status":"closed","ping_status":"open","template":"","meta":{"footnotes":""},"class_list":["post-3","page","type-page","status-publish","hentry"],"_links":{"self":[{"href":"https:\/\/alposet.fi\/en\/wp-json\/wp\/v2\/pages\/3","targetHints":{"allow":["GET"]}}],"collection":[{"href":"https:\/\/alposet.fi\/en\/wp-json\/wp\/v2\/pages"}],"about":[{"href":"https:\/\/alposet.fi\/en\/wp-json\/wp\/v2\/types\/page"}],"author":[{"embeddable":true,"href":"https:\/\/alposet.fi\/en\/wp-json\/wp\/v2\/users\/1"}],"replies":[{"embeddable":true,"href":"https:\/\/alposet.fi\/en\/wp-json\/wp\/v2\/comments?post=3"}],"version-history":[{"count":3,"href":"https:\/\/alposet.fi\/en\/wp-json\/wp\/v2\/pages\/3\/revisions"}],"predecessor-version":[{"id":886,"href":"https:\/\/alposet.fi\/en\/wp-json\/wp\/v2\/pages\/3\/revisions\/886"}],"wp:attachment":[{"href":"https:\/\/alposet.fi\/en\/wp-json\/wp\/v2\/media?parent=3"}],"curies":[{"name":"wp","href":"https:\/\/api.w.org\/{rel}","templated":true}]}}