{"id":52,"date":"2023-02-16T13:04:35","date_gmt":"2023-02-16T11:04:35","guid":{"rendered":"https:\/\/alposet.fi\/?page_id=52"},"modified":"2025-02-07T10:43:25","modified_gmt":"2025-02-07T08:43:25","slug":"yhteystiedot","status":"publish","type":"page","link":"https:\/\/alposet.fi\/en\/yhteystiedot\/","title":{"rendered":"Contact"},"content":{"rendered":"\n<p>Voit olla yhteydess\u00e4 asiakaspalveluumme s\u00e4hk\u00f6postitse. <br><a href=\"mailto:info@alposet.fi\">info[a]alposet.fi<\/a><\/p>\n\n\n\n<p>Alposet lumikeng\u00e4t voi ostaa verkkokaupastamme tai korttimaksulla toimipisteelt\u00e4mme All-Plastin tehtaalta. Jos haluat tulla ostoksille paikanp\u00e4\u00e4lle, olethan meihin ensin yhteydess\u00e4, niin sovitaan sopiva ajankohta!<\/p>\n\n\n\n<p><\/p>\n\n\n\n<p><strong>Valmistaja:<\/strong><\/p>\n\n\n\n<p><strong>Oy All-Plast Ab<\/strong><br>Muovilaaksontie 6<br>82110 Hein\u00e4vaara<\/p>\n\n\n\n<p><a href=\"mailto:all-plast@all-plast.fi\">all-plast[a]all-plast.fi<\/a><br><a href=\"http:\/\/www.all-plast.fi\/\" target=\"_blank\" rel=\"noopener\">www.all-plast.fi<\/a><br>Y-tunnus: 1043552-6<\/p>\n","protected":false},"excerpt":{"rendered":"<p>Voit olla yhteydess\u00e4 asiakaspalveluumme s\u00e4hk\u00f6postitse. info[a]alposet.fi Alposet lumikeng\u00e4t voi ostaa verkkokaupastamme tai korttimaksulla toimipisteelt\u00e4mme All-Plastin tehtaalta. Jos haluat tulla ostoksille paikanp\u00e4\u00e4lle, olethan meihin ensin yhteydess\u00e4, niin sovitaan sopiva ajankohta! Valmistaja: Oy All-Plast AbMuovilaaksontie 682110 Hein\u00e4vaara all-plast[a]all-plast.fiwww.all-plast.fiY-tunnus: 1043552-6<\/p>\n","protected":false},"author":1,"featured_media":0,"parent":0,"menu_order":0,"comment_status":"closed","ping_status":"closed","template":"","meta":{"footnotes":""},"class_list":["post-52","page","type-page","status-publish","hentry"],"_links":{"self":[{"href":"https:\/\/alposet.fi\/en\/wp-json\/wp\/v2\/pages\/52","targetHints":{"allow":["GET"]}}],"collection":[{"href":"https:\/\/alposet.fi\/en\/wp-json\/wp\/v2\/pages"}],"about":[{"href":"https:\/\/alposet.fi\/en\/wp-json\/wp\/v2\/types\/page"}],"author":[{"embeddable":true,"href":"https:\/\/alposet.fi\/en\/wp-json\/wp\/v2\/users\/1"}],"replies":[{"embeddable":true,"href":"https:\/\/alposet.fi\/en\/wp-json\/wp\/v2\/comments?post=52"}],"version-history":[{"count":6,"href":"https:\/\/alposet.fi\/en\/wp-json\/wp\/v2\/pages\/52\/revisions"}],"predecessor-version":[{"id":818,"href":"https:\/\/alposet.fi\/en\/wp-json\/wp\/v2\/pages\/52\/revisions\/818"}],"wp:attachment":[{"href":"https:\/\/alposet.fi\/en\/wp-json\/wp\/v2\/media?parent=52"}],"curies":[{"name":"wp","href":"https:\/\/api.w.org\/{rel}","templated":true}]}}