{"id":928,"date":"2025-06-16T12:48:15","date_gmt":"2025-06-16T09:48:15","guid":{"rendered":"https:\/\/alposet.fi\/?page_id=928"},"modified":"2025-06-16T13:02:26","modified_gmt":"2025-06-16T10:02:26","slug":"saavutettavuusseloste","status":"publish","type":"page","link":"https:\/\/alposet.fi\/en\/saavutettavuusseloste\/","title":{"rendered":"Accessibility Statement"},"content":{"rendered":"<h4 class=\"wp-block-heading\"><strong>T\u00e4m\u00e4 on organisaation Oy All-Plast Ab saavutettavuusseloste<\/strong><\/h4>\n\n\n\n<p>T\u00e4m\u00e4 saavutettavuusseloste koskee palvelua www.alposet.fi ja on laadittu \/ p\u00e4ivitetty 06.06.2025. Palvelua koskee laki digitaalisten palvelujen tarjoamisesta, jossa edellytet\u00e4\u00e4n, ett\u00e4 julkisten verkkopalvelujen on oltava saavutettavia.<\/p>\n\n\n\n<p>Olemme arvioineet palvelun saavutettavuuden itse<\/p>\n\n\n\n<div style=\"height:36px\" aria-hidden=\"true\" class=\"wp-block-spacer\"><\/div>\n\n\n\n<h4 class=\"wp-block-heading\"><strong>Digipalvelun saavutettavuuden tila<\/strong><\/h4>\n\n\n\n<p>T\u00e4ytt\u00e4\u00e4 saavutettavuusvaatimukset osittain.<\/p>\n\n\n\n<div style=\"height:43px\" aria-hidden=\"true\" class=\"wp-block-spacer\"><\/div>\n\n\n\n<h4 class=\"wp-block-heading\"><strong>Ei-saavutettava sis\u00e4lt\u00f6<\/strong><\/h4>\n\n\n\n<p>Verkkosivusto ei ole viel\u00e4 kaikilta osin vaatimusten mukainen<\/p>\n\n\n\n<div style=\"height:39px\" aria-hidden=\"true\" class=\"wp-block-spacer\"><\/div>\n\n\n\n<h4 class=\"wp-block-heading\"><strong>Havaittava: Kuvan tai tekstin kontrasti ei t\u00e4yt\u00e4 v\u00e4himm\u00e4isvaatimusta<\/strong><\/h4>\n\n\n\n<p><strong>Saavuttamaton sis\u00e4lt\u00f6 ja sen puutteet<\/strong><\/p>\n\n\n\n<p>Sivustolla on elementtej\u00e4, joiden v\u00e4ri- ja kontrastisuhteet eiv\u00e4t t\u00e4yt\u00e4 standardin vaatimuksia.<\/p>\n\n\n\n<p><strong>Saavutettavuuskriteerit, jotka eiv\u00e4t t\u00e4yty<\/strong><\/p>\n\n\n\n<p>1.4.3 Kontrasti (minimi)<\/p>\n\n\n\n<div style=\"height:39px\" aria-hidden=\"true\" class=\"wp-block-spacer\"><\/div>\n\n\n\n<h4 class=\"wp-block-heading\"><strong>Havaittava: Elementit eiv\u00e4t skaalaudu oikein<\/strong><\/h4>\n\n\n\n<p><strong>Saavuttamaton sis\u00e4lt\u00f6 ja sen puutteet<\/strong><\/p>\n\n\n\n<p>Jotkin sivuston elementit eiv\u00e4t skaalaudu oikein tai k\u00e4yt\u00e4nn\u00f6llisesti n\u00e4kym\u00e4n ollessa suurennettuna 400 %.<\/p>\n\n\n\n<p><strong>Saavutettavuuskriteerit, jotka eiv\u00e4t t\u00e4yty<\/strong><\/p>\n\n\n\n<p>1.4.10 Responsiivisuus<\/p>\n\n\n\n<div style=\"height:39px\" aria-hidden=\"true\" class=\"wp-block-spacer\"><\/div>\n\n\n\n<h4 class=\"wp-block-heading\"><strong>Havaittava: Linkkien tekstivastine puuttuu<\/strong><\/h4>\n\n\n\n<p><strong>Saavuttamaton sis\u00e4lt\u00f6 ja sen puutteet<\/strong><\/p>\n\n\n\n<p>Joillakin sivuston linkeill\u00e4 ei ole kuvaavaa teksti\u00e4.<\/p>\n\n\n\n<p><strong>Saavutettavuuskriteerit, jotka eiv\u00e4t t\u00e4yty<\/strong><\/p>\n\n\n\n<p>1.1.1 Ei-tekstuaalinen sis\u00e4lt\u00f6<\/p>\n\n\n\n<div style=\"height:39px\" aria-hidden=\"true\" class=\"wp-block-spacer\"><\/div>\n\n\n\n<h4 class=\"wp-block-heading\"><strong>Ymm\u00e4rrett\u00e4v\u00e4: Puuttuvat lomakekenttien nimilaput<\/strong><\/h4>\n\n\n\n<p><strong>Saavuttamaton sis\u00e4lt\u00f6 ja sen puutteet<\/strong><\/p>\n\n\n\n<p>Joistakin k\u00e4ytt\u00e4j\u00e4n sy\u00f6tett\u00e4 vaativista lomakekentist\u00e4 puuttuvat nimilaput.<\/p>\n\n\n\n<p><strong>Saavutettavuuskriteerit, jotka eiv\u00e4t t\u00e4yty<\/strong><\/p>\n\n\n\n<p>3.3.2 Nimilaput tai ohjeet<\/p>\n\n\n\n<div style=\"height:39px\" aria-hidden=\"true\" class=\"wp-block-spacer\"><\/div>\n\n\n\n<h3 class=\"wp-block-heading\"><strong>Palvelukohtaisten lis\u00e4vaatimusten t\u00e4yttyminen ja muut palvelua koskevat tiedot<\/strong><\/h3>\n\n\n\n<h4 class=\"wp-block-heading\"><strong>Palvelukohtaiset lis\u00e4vaatimukset<\/strong><\/h4>\n\n\n\n<p>Alposet.fi-verkkosivustolta l\u00f6ytyy digipalvelulain edellytt\u00e4m\u00e4 saavutettavuusseloste. Verkkokaupassamme olevista tuotetiedoista puuttuu maininta tuotteiden esteett\u00f6myydest\u00e4 ja saavutettavuudesta, eik\u00e4 sivusto ole t\u00e4m\u00e4n osalta digipalvelulain 3 a luvussa mainittujen lis\u00e4vaatimusten mukainen. Puutteet korjataan mahdollisimman pian.<\/p>\n\n\n\n<div style=\"height:39px\" aria-hidden=\"true\" class=\"wp-block-spacer\"><\/div>\n\n\n\n<h4 class=\"wp-block-heading\"><strong>Yleinen kuvaus digitaalisesta palvelusta<\/strong><\/h4>\n\n\n\n<p>Alposet.fi-verkkosivusto (www.alposet.fi) on suomalaisen Oy All-Plast Ab:n yll\u00e4pit\u00e4m\u00e4 verkkokauppa, joka myy lumikenk\u00e4varusteita.<\/p>\n\n\n\n<div style=\"height:39px\" aria-hidden=\"true\" class=\"wp-block-spacer\"><\/div>\n\n\n\n<h4 class=\"wp-block-heading\"><strong>Huomasitko saavutettavuuspuutteen digipalvelussamme? Kerro se meille ja teemme parhaamme puutteen korjaamiseksi<\/strong><\/h4>\n\n\n\n<p><strong>S\u00e4hk\u00f6postilla<\/strong><\/p>\n\n\n\n<p>info@alposet.fi<\/p>\n\n\n\n<div style=\"height:39px\" aria-hidden=\"true\" class=\"wp-block-spacer\"><\/div>\n\n\n\n<h4 class=\"wp-block-heading\"><strong>Valvontaviranomainen<\/strong><\/h4>\n\n\n\n<p>Jos huomaat sivustolla saavutettavuusongelmia, anna ensin palautetta meille eli sivuston yll\u00e4pit\u00e4j\u00e4lle. Vastauksessa voi menn\u00e4 14 p\u00e4iv\u00e4\u00e4. Jos et ole tyytyv\u00e4inen saamaasi vastaukseen tai et saa vastausta lainkaan kahden viikon aikana,&nbsp;<a href=\"https:\/\/www.saavutettavuusvaatimukset.fi\/fi\/kayttajan-oikeudet\/tee-saavutettavuuskantelu-tai-pyyda-selvitysta\" target=\"_blank\" rel=\"noreferrer noopener\">voit tehd\u00e4 ilmoituksen Traficomille. Avautuu uuteen ikkunaan.<\/a>&nbsp;Traficomin sivulla kerrotaan tarkasti, miten ilmoituksen voi tehd\u00e4 ja miten asia k\u00e4sitell\u00e4\u00e4n.<\/p>\n\n\n\n<div style=\"height:39px\" aria-hidden=\"true\" class=\"wp-block-spacer\"><\/div>\n\n\n\n<h4 class=\"wp-block-heading\"><strong>Valvontaviranomaisen yhteystiedot<\/strong><\/h4>\n\n\n\n<p>Liikenne- ja viestint\u00e4virasto Traficom<br>Digitaalisen esteett\u00f6myyden ja saavutettavuuden valvontayksikk\u00f6<br>PL 320<br>00059 TRAFICOM<br><a href=\"https:\/\/www.saavutettavuusvaatimukset.fi\" target=\"_blank\" rel=\"noreferrer noopener\">www.saavutettavuusvaatimukset.fi<\/a><br>saavutettavuus(at)traficom.fi<br>Puhelinnumero vaihde: 029 534 5000<\/p>","protected":false},"excerpt":{"rendered":"<p>T\u00e4m\u00e4 on organisaation Oy All-Plast Ab saavutettavuusseloste T\u00e4m\u00e4 saavutettavuusseloste koskee palvelua www.alposet.fi ja on laadittu \/ p\u00e4ivitetty 06.06.2025. Palvelua koskee laki digitaalisten palvelujen tarjoamisesta, jossa edellytet\u00e4\u00e4n, ett\u00e4 julkisten verkkopalvelujen on oltava saavutettavia. Olemme arvioineet palvelun saavutettavuuden itse Digipalvelun saavutettavuuden tila T\u00e4ytt\u00e4\u00e4 saavutettavuusvaatimukset osittain. Ei-saavutettava sis\u00e4lt\u00f6 Verkkosivusto ei ole viel\u00e4 kaikilta osin vaatimusten mukainen Havaittava: Kuvan [&hellip;]<\/p>\n","protected":false},"author":2,"featured_media":0,"parent":0,"menu_order":0,"comment_status":"closed","ping_status":"closed","template":"","meta":{"footnotes":""},"class_list":["post-928","page","type-page","status-publish","hentry"],"_links":{"self":[{"href":"https:\/\/alposet.fi\/en\/wp-json\/wp\/v2\/pages\/928","targetHints":{"allow":["GET"]}}],"collection":[{"href":"https:\/\/alposet.fi\/en\/wp-json\/wp\/v2\/pages"}],"about":[{"href":"https:\/\/alposet.fi\/en\/wp-json\/wp\/v2\/types\/page"}],"author":[{"embeddable":true,"href":"https:\/\/alposet.fi\/en\/wp-json\/wp\/v2\/users\/2"}],"replies":[{"embeddable":true,"href":"https:\/\/alposet.fi\/en\/wp-json\/wp\/v2\/comments?post=928"}],"version-history":[{"count":3,"href":"https:\/\/alposet.fi\/en\/wp-json\/wp\/v2\/pages\/928\/revisions"}],"predecessor-version":[{"id":932,"href":"https:\/\/alposet.fi\/en\/wp-json\/wp\/v2\/pages\/928\/revisions\/932"}],"wp:attachment":[{"href":"https:\/\/alposet.fi\/en\/wp-json\/wp\/v2\/media?parent=928"}],"curies":[{"name":"wp","href":"https:\/\/api.w.org\/{rel}","templated":true}]}}