{"id":19,"date":"2023-02-16T11:08:50","date_gmt":"2023-02-16T09:08:50","guid":{"rendered":"https:\/\/alposet.fi\/?post_type=product&#038;p=19"},"modified":"2026-03-13T09:16:13","modified_gmt":"2026-03-13T07:16:13","slug":"alposet-pro-sininen","status":"publish","type":"product","link":"https:\/\/alposet.fi\/en\/product\/alposet-pro-sininen\/","title":{"rendered":"Alposet Pro snowshoes - blue"},"content":{"rendered":"<p>Syv\u00e4ss\u00e4kin hangessa erinomaisen kantavuuden tarjoava Alposet lumikeng\u00e4t on suunniteltu Suomen maasto-olosuhteisiin. Rungon pinta on yhten\u00e4inen, jolloin oksat ja muu pienkasvusto ei takerru siihen kiinni. Alposet on tehty kest\u00e4m\u00e4\u00e4n sek\u00e4 pitki\u00e4 vaelluksia, ett\u00e4 vaativaa ammattik\u00e4ytt\u00f6\u00e4. Sini-valkoinen v\u00e4ri sointuu upeasti lumiseen maastoon.<\/p>\n<p>The binding is easy to use and suits to nearly all shoe types. The hinged binding prevents snow from accumulating on top of the shoe and allows the foot to move naturally while walking.<\/p>\n<p>Alposet snowshoes are made from durable thermoplastic that withstands exposure to gasoline, paints, adhesives, liquid detergent, and most solvents.<\/p>\n<p>The Alposet snowshoe brand was born in 1984. They were a favorite snowshoe of their time, but production was put on hold due to low availability of the old binding model. Due to high demand, we decided to update the binding and pattern of the frame for the 2020s. Now the classic is back and better than ever!<\/p>\n<p>The frame of the snowshoes are manufactured using 2-colour injection moulding technique. The colour pattern of each frame is unique and the density of the colour may vary.<\/p>\n<ul>\n<li>For shoes sizes 35-48 (outer length of the shoe can be max. 36 cm)<\/li>\n<li>Length 65 cm<\/li>\n<li>Width 30 cm<\/li>\n<li>Weight 2,5 kg \/ pair<\/li>\n<\/ul>\n<p>Ask us for an offer if you are planning to purchase more than one pair of Alposet snowshoes.<\/p>\n<p>info(a)alposet.fi<\/p>\n<p><a href=\"https:\/\/alposet.fi\/site-assets\/uploads\/2026\/03\/Alposet-Pro-kayttoohjeet-ja-tuoteturvallisuus-pdf.pdf\">Alposet Pro k\u00e4ytt\u00f6ohjeet ja tuoteturvallisuus (pdf)<\/a><\/p>\n<p><img decoding=\"async\" class=\"size-full wp-image-325 aligncenter\" src=\"https:\/\/alposet.fi\/site-assets\/uploads\/2023\/04\/avainlippu_meilla-on_isokupla_200x200.jpg\" alt=\"\" width=\"200\" height=\"200\" srcset=\"https:\/\/alposet.fi\/site-assets\/uploads\/2023\/04\/avainlippu_meilla-on_isokupla_200x200.jpg 200w, https:\/\/alposet.fi\/site-assets\/uploads\/2023\/04\/avainlippu_meilla-on_isokupla_200x200-150x150.jpg 150w, https:\/\/alposet.fi\/site-assets\/uploads\/2023\/04\/avainlippu_meilla-on_isokupla_200x200-12x12.jpg 12w, https:\/\/alposet.fi\/site-assets\/uploads\/2023\/04\/avainlippu_meilla-on_isokupla_200x200-100x100.jpg 100w, https:\/\/alposet.fi\/site-assets\/uploads\/2023\/04\/avainlippu_meilla-on_isokupla_200x200-64x64.jpg 64w\" sizes=\"(max-width: 200px) 100vw, 200px\" \/><\/p>","protected":false},"excerpt":{"rendered":"<p>Alposet snowshoes are designed for Finnish terrain conditions.\nThe Pro model is especially suited for demanding professional use.<\/p>\n<p><em>Viimeisen 30 p\u00e4iv\u00e4n alin hinta 152 \u20ac.<\/em><\/p>","protected":false},"featured_media":946,"template":"","meta":[],"product_brand":[],"product_cat":[15],"product_tag":[30,29,28,32,31],"class_list":{"0":"post-19","1":"product","2":"type-product","3":"status-publish","4":"has-post-thumbnail","6":"product_cat-yleinen","7":"product_tag-alposet","8":"product_tag-lumikengat","9":"product_tag-lumikenka","10":"product_tag-metsurin-lumikengat","11":"product_tag-metsurin-lumikenka","12":"product_shipping_class-lumikengat","14":"first","15":"instock","16":"taxable","17":"shipping-taxable","18":"purchasable","19":"product-type-simple"},"_links":{"self":[{"href":"https:\/\/alposet.fi\/en\/wp-json\/wp\/v2\/product\/19","targetHints":{"allow":["GET"]}}],"collection":[{"href":"https:\/\/alposet.fi\/en\/wp-json\/wp\/v2\/product"}],"about":[{"href":"https:\/\/alposet.fi\/en\/wp-json\/wp\/v2\/types\/product"}],"wp:featuredmedia":[{"embeddable":true,"href":"https:\/\/alposet.fi\/en\/wp-json\/wp\/v2\/media\/946"}],"wp:attachment":[{"href":"https:\/\/alposet.fi\/en\/wp-json\/wp\/v2\/media?parent=19"}],"wp:term":[{"taxonomy":"product_brand","embeddable":true,"href":"https:\/\/alposet.fi\/en\/wp-json\/wp\/v2\/product_brand?post=19"},{"taxonomy":"product_cat","embeddable":true,"href":"https:\/\/alposet.fi\/en\/wp-json\/wp\/v2\/product_cat?post=19"},{"taxonomy":"product_tag","embeddable":true,"href":"https:\/\/alposet.fi\/en\/wp-json\/wp\/v2\/product_tag?post=19"}],"curies":[{"name":"wp","href":"https:\/\/api.w.org\/{rel}","templated":true}]}}