{"id":525,"date":"2024-02-19T10:53:27","date_gmt":"2024-02-19T08:53:27","guid":{"rendered":"https:\/\/alposet.fi\/?post_type=product&#038;p=525"},"modified":"2026-03-13T10:21:39","modified_gmt":"2026-03-13T08:21:39","slug":"alposet-pro-lumikengat-sininen-varivaihto","status":"publish","type":"product","link":"https:\/\/alposet.fi\/en\/product\/alposet-pro-lumikengat-sininen-varivaihto\/","title":{"rendered":"Alposet Pro snowshoes - blue colour fault"},"content":{"rendered":"<h4><strong>HUOM! V\u00e4rivaihtokappale, p\u00e4\u00e4v\u00e4ri sini-valkoinen, joukossa on my\u00f6s muita s\u00e4vyj\u00e4.<\/strong><\/h4>\n<p>Offering excellent carrying capacity even in deep snow. Alposet snowshoes are designed for Finnish terrain conditions. The surface of the body is uniform, so branches and other small vegetation do not cling to it. Alposet is made to withstand both long hikes and demanding professional use. The blue-white color blends in wonderfully with the snowy terrain.<\/p>\n<p>The binding is easy to use and suits to nearly all shoe types. The hinged binding prevents snow from accumulating on top of the shoe and allows the foot to move naturally while walking.<\/p>\n<p>Alposet snowshoes are made from durable thermoplastic that withstands exposure to gasoline, paints, adhesives, liquid detergent, and most solvents.<\/p>\n<p>The Alposet snowshoe brand was born in 1984. They were a favorite snowshoe of their time, but production was put on hold due to low availability of the old binding model. Due to high demand, we decided to update the binding and pattern of the frame for the 2020s. Now the classic is back and better than ever!<\/p>\n<ul>\n<li>For shoes sizes 35-48 (outer length of the shoe can be max. 36 cm)<\/li>\n<li>Length 65 cm<\/li>\n<li>Width 30 cm<\/li>\n<li>Weight 2,5 kg \/ pair<\/li>\n<\/ul>\n<p>Pyyd\u00e4 meilt\u00e4 tarjous, jos olet aikeissa ostaa useamman Alposet lumikenk\u00e4parin. Voit ostaa Alposet lumikeng\u00e4t verkkokaupastamme tai korttimaksulla toimipisteelt\u00e4mme All-Plastin tehtaalta. Jos haluat tulla ostoksille paikanp\u00e4\u00e4lle, olethan meihin ensin yhteydess\u00e4, niin sovitaan sopiva ajankohta!<\/p>\n<p>info(a)alposet.fi<\/p>\n<p><a href=\"https:\/\/alposet.fi\/site-assets\/uploads\/2026\/03\/Alposet-Pro-kayttoohjeet-ja-tuoteturvallisuus-pdf.pdf\">Alposet Pro k\u00e4ytt\u00f6ohjeet ja tuoteturvallisuus (pdf)<\/a><\/p>\n<p><img decoding=\"async\" class=\"size-full wp-image-325 aligncenter\" src=\"https:\/\/alposet.fi\/site-assets\/uploads\/2023\/04\/avainlippu_meilla-on_isokupla_200x200.jpg\" alt=\"\" width=\"200\" height=\"200\" srcset=\"https:\/\/alposet.fi\/site-assets\/uploads\/2023\/04\/avainlippu_meilla-on_isokupla_200x200.jpg 200w, https:\/\/alposet.fi\/site-assets\/uploads\/2023\/04\/avainlippu_meilla-on_isokupla_200x200-150x150.jpg 150w, https:\/\/alposet.fi\/site-assets\/uploads\/2023\/04\/avainlippu_meilla-on_isokupla_200x200-12x12.jpg 12w, https:\/\/alposet.fi\/site-assets\/uploads\/2023\/04\/avainlippu_meilla-on_isokupla_200x200-100x100.jpg 100w, https:\/\/alposet.fi\/site-assets\/uploads\/2023\/04\/avainlippu_meilla-on_isokupla_200x200-64x64.jpg 64w\" sizes=\"(max-width: 200px) 100vw, 200px\" \/><\/p>","protected":false},"excerpt":{"rendered":"<p>Alposet snowshoes are designed for Finnish terrain conditions.\nThe Pro model is especially suited for demanding professional use.<\/p>\n<h4><em><strong>HUOM! V\u00e4rivaihtokappale, p\u00e4\u00e4v\u00e4ri sini-valkoinen, joukossa on my\u00f6s muita s\u00e4vyj\u00e4.<\/strong><\/em><\/h4>","protected":false},"featured_media":946,"template":"","meta":[],"product_brand":[],"product_cat":[15],"product_tag":[30,29,28,32,31],"class_list":{"0":"post-525","1":"product","2":"type-product","3":"status-publish","4":"has-post-thumbnail","6":"product_cat-yleinen","7":"product_tag-alposet","8":"product_tag-lumikengat","9":"product_tag-lumikenka","10":"product_tag-metsurin-lumikengat","11":"product_tag-metsurin-lumikenka","12":"product_shipping_class-lumikengat","14":"first","15":"instock","16":"taxable","17":"shipping-taxable","18":"purchasable","19":"product-type-simple"},"_links":{"self":[{"href":"https:\/\/alposet.fi\/en\/wp-json\/wp\/v2\/product\/525","targetHints":{"allow":["GET"]}}],"collection":[{"href":"https:\/\/alposet.fi\/en\/wp-json\/wp\/v2\/product"}],"about":[{"href":"https:\/\/alposet.fi\/en\/wp-json\/wp\/v2\/types\/product"}],"wp:featuredmedia":[{"embeddable":true,"href":"https:\/\/alposet.fi\/en\/wp-json\/wp\/v2\/media\/946"}],"wp:attachment":[{"href":"https:\/\/alposet.fi\/en\/wp-json\/wp\/v2\/media?parent=525"}],"wp:term":[{"taxonomy":"product_brand","embeddable":true,"href":"https:\/\/alposet.fi\/en\/wp-json\/wp\/v2\/product_brand?post=525"},{"taxonomy":"product_cat","embeddable":true,"href":"https:\/\/alposet.fi\/en\/wp-json\/wp\/v2\/product_cat?post=525"},{"taxonomy":"product_tag","embeddable":true,"href":"https:\/\/alposet.fi\/en\/wp-json\/wp\/v2\/product_tag?post=525"}],"curies":[{"name":"wp","href":"https:\/\/api.w.org\/{rel}","templated":true}]}}