{"id":526,"date":"2024-02-19T10:58:53","date_gmt":"2024-02-19T08:58:53","guid":{"rendered":"https:\/\/alposet.fi\/?post_type=product&#038;p=526"},"modified":"2026-03-13T10:21:18","modified_gmt":"2026-03-13T08:21:18","slug":"alposet-pro-lumikengat-oranssi-varivaihto","status":"publish","type":"product","link":"https:\/\/alposet.fi\/en\/product\/alposet-pro-lumikengat-oranssi-varivaihto\/","title":{"rendered":"Alposet Pro snowshoe - orange colour fault"},"content":{"rendered":"<h4><strong>HUOM! V\u00e4rivaihtokappale, p\u00e4\u00e4v\u00e4ri oranssi-valkoinen, joukossa on my\u00f6s muita s\u00e4vyj\u00e4.<\/strong><\/h4>\n<p>Are you looking for reliable snowshoes for demanding professional use or excellent carrying capacity for a deep snow? Alposet snowshoes are designed for Finnish terrain conditions and, thanks to their solid frame, they are effortless in deep snow and dense terrain. Orange serves as a good visibility color and does not disappear into the snow.<\/p>\n<p>The binding is easy to use and suits to nearly all shoe types. The hinged binding prevents snow from accumulating on top of the shoe and allows the foot to move naturally while walking.<\/p>\n<p>Alposet snowshoes are made from durable thermoplastic that withstands exposure to gasoline, paints, adhesives, liquid detergent, and most solvents.<\/p>\n<p>Alposet saivat alkunsa vuonna 1984. Ne olivat aikansa suosikkikeng\u00e4t, mutta valmistus j\u00e4i tauolle vanhan er\u00e4sidemallin heikon saatavuuden takia. Suuren kysynn\u00e4n ansiosta p\u00e4\u00e4timme p\u00e4ivitt\u00e4\u00e4 siteen ja kuosin 2020-luvulle, nyt Klassikko on palannut entist\u00e4 parempana!<\/p>\n<ul>\n<li>For shoes sizes 35-48 (outer length of the shoe can be max. 36 cm)<\/li>\n<li>Length 65 cm<\/li>\n<li>Width 30 cm<\/li>\n<li>Weight 2,5 kg \/ pair<\/li>\n<\/ul>\n<p>Pyyd\u00e4 meilt\u00e4 tarjous, jos olet aikeissa ostaa useamman Alposet lumikenk\u00e4parin. Voit ostaa Alposet lumikeng\u00e4t verkkokaupastamme tai korttimaksulla toimipisteelt\u00e4mme All-Plastin tehtaalta. Jos haluat tulla ostoksille paikanp\u00e4\u00e4lle, olethan meihin ensin yhteydess\u00e4, niin sovitaan sopiva ajankohta!<\/p>\n<p>info(a)alposet.fi<\/p>\n<p><a href=\"https:\/\/alposet.fi\/site-assets\/uploads\/2026\/03\/Alposet-Pro-kayttoohjeet-ja-tuoteturvallisuus-pdf.pdf\">Alposet Pro k\u00e4ytt\u00f6ohjeet ja tuoteturvallisuus (pdf)<\/a><\/p>\n<p><img decoding=\"async\" class=\"size-full wp-image-325 aligncenter\" src=\"https:\/\/alposet.fi\/site-assets\/uploads\/2023\/04\/avainlippu_meilla-on_isokupla_200x200.jpg\" alt=\"\" width=\"200\" height=\"200\" srcset=\"https:\/\/alposet.fi\/site-assets\/uploads\/2023\/04\/avainlippu_meilla-on_isokupla_200x200.jpg 200w, https:\/\/alposet.fi\/site-assets\/uploads\/2023\/04\/avainlippu_meilla-on_isokupla_200x200-150x150.jpg 150w, https:\/\/alposet.fi\/site-assets\/uploads\/2023\/04\/avainlippu_meilla-on_isokupla_200x200-12x12.jpg 12w, https:\/\/alposet.fi\/site-assets\/uploads\/2023\/04\/avainlippu_meilla-on_isokupla_200x200-100x100.jpg 100w, https:\/\/alposet.fi\/site-assets\/uploads\/2023\/04\/avainlippu_meilla-on_isokupla_200x200-64x64.jpg 64w\" sizes=\"(max-width: 200px) 100vw, 200px\" \/><\/p>","protected":false},"excerpt":{"rendered":"<p>Alposet Pro-lumikeng\u00e4t on suunniteltu Suomen maasto-olosuhteisiin ja sopii erityisesti vaativaan ammattik\u00e4ytt\u00f6\u00f6n.<\/p>\n<h4><strong>HUOM! V\u00e4rivaihtokappale, p\u00e4\u00e4v\u00e4ri oranssi-valkoinen, joukossa on my\u00f6s muita s\u00e4vyj\u00e4.<\/strong><\/h4>","protected":false},"featured_media":948,"template":"","meta":[],"product_brand":[],"product_cat":[15],"product_tag":[30,29,28,32,31],"class_list":{"0":"post-526","1":"product","2":"type-product","3":"status-publish","4":"has-post-thumbnail","6":"product_cat-yleinen","7":"product_tag-alposet","8":"product_tag-lumikengat","9":"product_tag-lumikenka","10":"product_tag-metsurin-lumikengat","11":"product_tag-metsurin-lumikenka","12":"product_shipping_class-lumikengat","14":"first","15":"instock","16":"taxable","17":"shipping-taxable","18":"purchasable","19":"product-type-simple"},"_links":{"self":[{"href":"https:\/\/alposet.fi\/en\/wp-json\/wp\/v2\/product\/526","targetHints":{"allow":["GET"]}}],"collection":[{"href":"https:\/\/alposet.fi\/en\/wp-json\/wp\/v2\/product"}],"about":[{"href":"https:\/\/alposet.fi\/en\/wp-json\/wp\/v2\/types\/product"}],"wp:featuredmedia":[{"embeddable":true,"href":"https:\/\/alposet.fi\/en\/wp-json\/wp\/v2\/media\/948"}],"wp:attachment":[{"href":"https:\/\/alposet.fi\/en\/wp-json\/wp\/v2\/media?parent=526"}],"wp:term":[{"taxonomy":"product_brand","embeddable":true,"href":"https:\/\/alposet.fi\/en\/wp-json\/wp\/v2\/product_brand?post=526"},{"taxonomy":"product_cat","embeddable":true,"href":"https:\/\/alposet.fi\/en\/wp-json\/wp\/v2\/product_cat?post=526"},{"taxonomy":"product_tag","embeddable":true,"href":"https:\/\/alposet.fi\/en\/wp-json\/wp\/v2\/product_tag?post=526"}],"curies":[{"name":"wp","href":"https:\/\/api.w.org\/{rel}","templated":true}]}}